{"id":181,"date":"2025-12-05T16:59:05","date_gmt":"2025-12-05T16:59:05","guid":{"rendered":"https:\/\/patinpark.com\/?page_id=181"},"modified":"2026-03-17T18:50:22","modified_gmt":"2026-03-17T18:50:22","slug":"181-2","status":"publish","type":"page","link":"https:\/\/patinpark.com\/en\/181-2\/","title":{"rendered":"PATIN PARK SYSTEM"},"content":{"rendered":"<div class=\"wp-block-group alignfull has-background-background-color has-background is-layout-constrained wp-container-core-group-is-layout-7276a2bb wp-block-group-is-layout-constrained\" style=\"margin-top:0;margin-bottom:0;padding-top:var(--wp--preset--spacing--60);padding-right:var(--wp--preset--spacing--30);padding-bottom:var(--wp--preset--spacing--60);padding-left:var(--wp--preset--spacing--30)\">\n<div class=\"wp-block-columns alignwide are-vertically-aligned-center is-layout-flex wp-container-core-columns-is-layout-47c06fe3 wp-block-columns-is-layout-flex\">\n<div class=\"wp-block-column is-vertically-aligned-center is-layout-flow wp-container-core-column-is-layout-22223934 wp-block-column-is-layout-flow\" style=\"flex-basis:50%\">\n<figure class=\"wp-block-embed is-type-video is-provider-youtube wp-block-embed-youtube wp-embed-aspect-16-9 wp-has-aspect-ratio\"><div class=\"wp-block-embed__wrapper\">\n<iframe loading=\"lazy\" title=\"About Us\" width=\"500\" height=\"281\" src=\"https:\/\/www.youtube.com\/embed\/h5nja3lUJBU?feature=oembed\" frameborder=\"0\" allow=\"accelerometer; autoplay; clipboard-write; encrypted-media; gyroscope; picture-in-picture; web-share\" referrerpolicy=\"strict-origin-when-cross-origin\" allowfullscreen><\/iframe>\n<\/div><\/figure>\n<\/div>\n\n\n\n<div class=\"wp-block-column is-vertically-aligned-center is-layout-flow wp-container-core-column-is-layout-119bc444 wp-block-column-is-layout-flow\" style=\"flex-basis:60%\">\n<h2 class=\"wp-block-heading\">Patin Park System<\/h2>\n\n\n\n<p class=\"has-medium-font-size\" style=\"margin-top:16px\">Discover how our Patin Park system allows you to park mobility devices safely and efficiently, using our advanced locking technology that optimizes space and protects your vehicle. Ideal for improving urban organization and promoting sustainable mobility solutions.<\/p>\n<\/div>\n<\/div>\n<\/div>\n\n\n\n<div class=\"wp-block-group alignfull has-tertiary-background-color has-background is-layout-constrained wp-container-core-group-is-layout-68d5e5bb wp-block-group-is-layout-constrained\" style=\"margin-top:0;margin-bottom:0;padding-top:var(--wp--preset--spacing--50);padding-right:var(--wp--preset--spacing--30);padding-bottom:var(--wp--preset--spacing--60);padding-left:var(--wp--preset--spacing--30)\">\n<div class=\"wp-block-columns alignwide is-layout-flex wp-container-core-columns-is-layout-47c06fe3 wp-block-columns-is-layout-flex\">\n<div class=\"wp-block-column is-layout-flow wp-block-column-is-layout-flow\">\n<h2 class=\"wp-block-heading has-large-font-size\">Discover the innovation of Patin Park.<\/h2>\n\n\n\n<p style=\"margin-top:16px\">Learn about the key advantages of our advanced system.<\/p>\n<\/div>\n\n\n\n<div class=\"wp-block-column is-layout-flow wp-block-column-is-layout-flow\">\n<div class=\"wp-block-group is-layout-constrained wp-block-group-is-layout-constrained\">\n<h3 class=\"wp-block-heading\" style=\"margin-top:16px;font-size:20px;line-height:1.5\">Intelligent Security<\/h3>\n\n\n\n<p class=\"has-small-font-size\" style=\"margin-top:8px\">Protect your device with automatic locking technology.<\/p>\n<\/div>\n\n\n\n<div class=\"wp-block-group is-layout-constrained wp-block-group-is-layout-constrained\">\n<h3 class=\"wp-block-heading\" style=\"margin-top:16px;font-size:20px;line-height:1.5\">Space Efficiency<\/h3>\n\n\n\n<p class=\"has-small-font-size\" style=\"margin-top:8px\">Optimizes the use of space with a compact and functional design.<\/p>\n<\/div>\n\n\n\n<div class=\"wp-block-group is-layout-constrained wp-block-group-is-layout-constrained\">\n<h3 class=\"wp-block-heading\" style=\"margin-top:16px;font-size:20px;line-height:1.5\">Advanced Technology<\/h3>\n\n\n\n<p class=\"has-small-font-size\" style=\"margin-top:8px\">Control and monitor your parking lot via mobile app.<\/p>\n<\/div>\n<\/div>\n\n\n\n<div class=\"wp-block-column is-layout-flow wp-block-column-is-layout-flow\">\n<div class=\"wp-block-group is-layout-constrained wp-block-group-is-layout-constrained\">\n<h3 class=\"wp-block-heading\" style=\"margin-top:16px;font-size:20px;line-height:1.5\">Easy Access<\/h3>\n\n\n\n<p class=\"has-small-font-size\" style=\"margin-top:8px\">Access your vehicle quickly with authentication system.<\/p>\n<\/div>\n\n\n\n<div class=\"wp-block-group is-layout-constrained wp-block-group-is-layout-constrained\">\n<h3 class=\"wp-block-heading\" style=\"margin-top:16px;font-size:20px;line-height:1.5\">Rugged Design<\/h3>\n\n\n\n<p class=\"has-small-font-size\" style=\"margin-top:8px\">Durable materials for maximum protection and longevity.<\/p>\n<\/div>\n<\/div>\n<\/div>\n<\/div>\n\n\n\n<div class=\"wp-block-group alignfull has-background-background-color has-background is-layout-constrained wp-container-core-group-is-layout-7276a2bb wp-block-group-is-layout-constrained\" style=\"margin-top:0;margin-bottom:0;padding-top:var(--wp--preset--spacing--60);padding-right:var(--wp--preset--spacing--30);padding-bottom:var(--wp--preset--spacing--60);padding-left:var(--wp--preset--spacing--30)\">\n<div class=\"wp-block-group alignwide is-content-justification-center is-layout-constrained wp-block-group-is-layout-constrained\">\n<h2 class=\"wp-block-heading has-text-align-center has-large-font-size\">How the Patin Park System Works<\/h2>\n\n\n\n<p class=\"has-text-align-center\" style=\"margin-top:16px\">Learn step by step how our Patin Park system allows you to park mobility devices safely and with state-of-the-art technology.<\/p>\n<\/div>\n\n\n\n<div class=\"wp-block-columns alignwide is-layout-flex wp-container-core-columns-is-layout-d0846407 wp-block-columns-is-layout-flex\">\n<div class=\"wp-block-column is-layout-flow wp-block-column-is-layout-flow\">\n<figure class=\"wp-block-image aligncenter size-full\"><img loading=\"lazy\" decoding=\"async\" width=\"273\" height=\"137\" src=\"https:\/\/patinpark.com\/wp-content\/uploads\/2025\/05\/image-1.png\" alt=\"\" class=\"wp-image-92\"\/><\/figure>\n\n\n\n<h3 class=\"wp-block-heading has-text-align-center\" style=\"margin-top:24px;font-size:20px;line-height:1.5\">NFC actuation<\/h3>\n\n\n\n<p class=\"has-text-align-center has-small-font-size\" style=\"margin-top:8px\">Your vehicle can be parked using NFC technology. <br>Via bracelets, cards or other fully customizable objects.<\/p>\n<\/div>\n\n\n\n<div class=\"wp-block-column is-layout-flow wp-block-column-is-layout-flow\">\n<figure class=\"wp-block-image aligncenter size-full is-resized\"><img loading=\"lazy\" decoding=\"async\" width=\"224\" height=\"225\" src=\"https:\/\/patinpark.com\/wp-content\/uploads\/2025\/12\/image-4.png\" alt=\"\" class=\"wp-image-183\" style=\"width:141px;height:auto\" srcset=\"https:\/\/patinpark.com\/wp-content\/uploads\/2025\/12\/image-4.png 224w, https:\/\/patinpark.com\/wp-content\/uploads\/2025\/12\/image-4-150x150.png 150w, https:\/\/patinpark.com\/wp-content\/uploads\/2025\/12\/image-4-12x12.png 12w\" sizes=\"auto, (max-width: 224px) 100vw, 224px\" \/><\/figure>\n\n\n\n<h3 class=\"wp-block-heading has-text-align-center\" style=\"margin-top:24px;font-size:20px;line-height:1.5\">Whatsapp Drive<\/h3>\n\n\n\n<p class=\"has-text-align-center has-small-font-size\" style=\"margin-top:8px\">With your cell phone you can operate the anchor with the most popular application of all time.<\/p>\n<\/div>\n\n\n\n<div class=\"wp-block-column is-layout-flow wp-block-column-is-layout-flow\">\n<figure class=\"wp-block-image aligncenter size-full is-resized\"><img loading=\"lazy\" decoding=\"async\" width=\"612\" height=\"612\" src=\"https:\/\/patinpark.com\/wp-content\/uploads\/2025\/12\/image-6.png\" alt=\"\" class=\"wp-image-185\" style=\"width:143px;height:auto\" srcset=\"https:\/\/patinpark.com\/wp-content\/uploads\/2025\/12\/image-6.png 612w, https:\/\/patinpark.com\/wp-content\/uploads\/2025\/12\/image-6-300x300.png 300w, https:\/\/patinpark.com\/wp-content\/uploads\/2025\/12\/image-6-150x150.png 150w, https:\/\/patinpark.com\/wp-content\/uploads\/2025\/12\/image-6-12x12.png 12w\" sizes=\"auto, (max-width: 612px) 100vw, 612px\" \/><\/figure>\n\n\n\n<h3 class=\"wp-block-heading has-text-align-center\" style=\"margin-top:24px;font-size:20px;line-height:1.5\">APP drive<\/h3>\n\n\n\n<p class=\"has-text-align-center has-small-font-size\" style=\"margin-top:8px\">Unlock and remove your device easily through our application, ensuring speed and convenience.<\/p>\n<\/div>\n<\/div>\n\n\n\n<figure class=\"wp-block-image size-large\"><img loading=\"lazy\" decoding=\"async\" width=\"1024\" height=\"217\" src=\"https:\/\/patinpark.com\/wp-content\/uploads\/2025\/05\/image-1024x217.png\" alt=\"\" class=\"wp-image-91\" srcset=\"https:\/\/patinpark.com\/wp-content\/uploads\/2025\/05\/image-1024x217.png 1024w, https:\/\/patinpark.com\/wp-content\/uploads\/2025\/05\/image-300x63.png 300w, https:\/\/patinpark.com\/wp-content\/uploads\/2025\/05\/image-768x162.png 768w, https:\/\/patinpark.com\/wp-content\/uploads\/2025\/05\/image.png 1045w\" sizes=\"auto, (max-width: 1024px) 100vw, 1024px\" \/><\/figure>\n<\/div>\n\n\n\n<p><a href=\"https:\/\/prezi.com\/p\/embed\/AwOn09PVKpRdgBBeOgaD\">https:\/\/prezi.com\/p\/embed\/AwOn09PVKpRdgBBeOgaD<\/a><\/p>\n\n\n\n<div class=\"wp-block-group alignfull has-background-background-color has-background is-layout-constrained wp-container-core-group-is-layout-7276a2bb wp-block-group-is-layout-constrained\" style=\"margin-top:0;margin-bottom:0;padding-top:var(--wp--preset--spacing--60);padding-right:var(--wp--preset--spacing--30);padding-bottom:var(--wp--preset--spacing--60);padding-left:var(--wp--preset--spacing--30)\">\n<div class=\"wp-block-group alignwide is-vertical is-layout-flex wp-container-core-group-is-layout-fe9cc265 wp-block-group-is-layout-flex\">\n<div class=\"wp-block-group is-layout-constrained wp-block-group-is-layout-constrained\">\n<h2 class=\"wp-block-heading has-large-font-size\">User Reviews and Ratings<\/h2>\n\n\n\n<p style=\"margin-top:16px\">Find out how our customers value the safety and efficiency of the Patin Park system by sharing their positive experiences.<\/p>\n<\/div>\n<\/div>\n\n\n\n<div class=\"wp-block-group alignwide has-tertiary-background-color has-background is-layout-constrained wp-container-core-group-is-layout-a666d811 wp-block-group-is-layout-constrained\" style=\"padding-top:var(--wp--preset--spacing--40);padding-right:var(--wp--preset--spacing--40);padding-bottom:var(--wp--preset--spacing--40);padding-left:var(--wp--preset--spacing--40)\">\n<div class=\"wp-block-columns alignwide are-vertically-aligned-center is-layout-flex wp-container-core-columns-is-layout-08c01c1c wp-block-columns-is-layout-flex\">\n<div class=\"wp-block-column is-vertically-aligned-center is-layout-flow wp-container-core-column-is-layout-f5bb311e wp-block-column-is-layout-flow\" style=\"flex-basis:66.66%\">\n<p style=\"font-size:32px;font-style:normal;font-weight:600;line-height:1.4\">An opinion that highlights the innovation and advanced functionality offered by our parking system for mobility devices.<\/p>\n\n\n\n<h4 class=\"wp-block-heading has-small-font-size\">Francesc Gisbert<\/h4>\n\n\n\n<p class=\"has-small-font-size\" style=\"margin-top:2px\">Urban Mobility Specialist<\/p>\n<\/div>\n\n\n\n<div class=\"wp-block-column is-vertically-aligned-center is-layout-flow wp-block-column-is-layout-flow\" style=\"flex-basis:33.33%\"><\/div>\n<\/div>\n<\/div>\n\n\n\n<div class=\"wp-block-columns alignwide is-layout-flex wp-container-core-columns-is-layout-aee59796 wp-block-columns-is-layout-flex\" style=\"margin-top:32px\">\n<div class=\"wp-block-column is-vertically-aligned-stretch has-tertiary-background-color has-background is-layout-flow wp-block-column-is-layout-flow\">\n<div class=\"wp-block-group is-layout-constrained wp-container-core-group-is-layout-24fca791 wp-block-group-is-layout-constrained\" style=\"min-height:100%;padding-top:var(--wp--preset--spacing--30);padding-right:24px;padding-bottom:var(--wp--preset--spacing--30);padding-left:24px\">\n<p>Experience that underscores the ease of use and confidence that the Patin Park system provides in urban environments.<\/p>\n\n\n\n<div class=\"wp-block-group is-nowrap is-layout-flex wp-container-core-group-is-layout-3b4e9d3e wp-block-group-is-layout-flex\">\n<div class=\"wp-block-group is-layout-constrained wp-block-group-is-layout-constrained\">\n<h4 class=\"wp-block-heading has-small-font-size\">Jose Antonio <\/h4>\n\n\n\n<p class=\"has-small-font-size\" style=\"margin-top:2px\">R&amp;D Engineer<\/p>\n<\/div>\n<\/div>\n<\/div>\n<\/div>\n\n\n\n<div class=\"wp-block-column is-vertically-aligned-stretch has-tertiary-background-color has-background is-layout-flow wp-block-column-is-layout-flow\">\n<div class=\"wp-block-group is-layout-constrained wp-container-core-group-is-layout-24fca791 wp-block-group-is-layout-constrained\" style=\"min-height:100%;padding-top:var(--wp--preset--spacing--30);padding-right:24px;padding-bottom:var(--wp--preset--spacing--30);padding-left:24px\">\n<p>This comment highlights the robustness and technological quality applied in each component of the system.<\/p>\n\n\n\n<div class=\"wp-block-group is-nowrap is-layout-flex wp-container-core-group-is-layout-3b4e9d3e wp-block-group-is-layout-flex\">\n<div class=\"wp-block-group is-layout-constrained wp-block-group-is-layout-constrained\">\n<h4 class=\"wp-block-heading has-small-font-size\">Manuel Monzon<\/h4>\n\n\n\n<p class=\"has-small-font-size\" style=\"margin-top:2px\">Mechanical Engineer<\/p>\n<\/div>\n<\/div>\n<\/div>\n<\/div>\n\n\n\n<div class=\"wp-block-column is-vertically-aligned-stretch has-tertiary-background-color has-background is-layout-flow wp-block-column-is-layout-flow\">\n<div class=\"wp-block-group is-layout-constrained wp-container-core-group-is-layout-24fca791 wp-block-group-is-layout-constrained\" style=\"min-height:100%;padding-top:var(--wp--preset--spacing--30);padding-right:24px;padding-bottom:var(--wp--preset--spacing--30);padding-left:24px\">\n<p>Testimonial reflecting total satisfaction with the experience of parking mobility devices in a safe and practical way.<\/p>\n\n\n\n<div class=\"wp-block-group is-nowrap is-layout-flex wp-container-core-group-is-layout-3b4e9d3e wp-block-group-is-layout-flex\">\n<div class=\"wp-block-group is-layout-constrained wp-block-group-is-layout-constrained\">\n<h4 class=\"wp-block-heading has-small-font-size\">Eduardo Martinez<\/h4>\n\n\n\n<p class=\"has-small-font-size\" style=\"margin-top:2px\">Mobility Project Coordinator<\/p>\n<\/div>\n<\/div>\n<\/div>\n<\/div>\n<\/div>\n<\/div>\n\n\n\n<p><\/p>","protected":false},"excerpt":{"rendered":"<p>Sistema Patin Park Descubre c\u00f3mo nuestro sistema Patin Park permite estacionar dispositivos de movilidad de forma segura y eficiente, utilizando nuestro cierre con tecnolog\u00eda avanzada que optimiza el espacio y protege tu veh\u00edculo. Ideal para mejorar la organizaci\u00f3n urbana y promover soluciones sostenibles en movilidad. Descubre la innovaci\u00f3n de Patin Park. Conoce las ventajas clave [&hellip;]<\/p>\n","protected":false},"author":1,"featured_media":0,"parent":0,"menu_order":0,"comment_status":"closed","ping_status":"closed","template":"","meta":{"footnotes":""},"class_list":["post-181","page","type-page","status-publish","hentry"],"_links":{"self":[{"href":"https:\/\/patinpark.com\/en\/wp-json\/wp\/v2\/pages\/181","targetHints":{"allow":["GET"]}}],"collection":[{"href":"https:\/\/patinpark.com\/en\/wp-json\/wp\/v2\/pages"}],"about":[{"href":"https:\/\/patinpark.com\/en\/wp-json\/wp\/v2\/types\/page"}],"author":[{"embeddable":true,"href":"https:\/\/patinpark.com\/en\/wp-json\/wp\/v2\/users\/1"}],"replies":[{"embeddable":true,"href":"https:\/\/patinpark.com\/en\/wp-json\/wp\/v2\/comments?post=181"}],"version-history":[{"count":4,"href":"https:\/\/patinpark.com\/en\/wp-json\/wp\/v2\/pages\/181\/revisions"}],"predecessor-version":[{"id":257,"href":"https:\/\/patinpark.com\/en\/wp-json\/wp\/v2\/pages\/181\/revisions\/257"}],"wp:attachment":[{"href":"https:\/\/patinpark.com\/en\/wp-json\/wp\/v2\/media?parent=181"}],"curies":[{"name":"wp","href":"https:\/\/api.w.org\/{rel}","templated":true}]}}